{"id":438,"date":"2023-11-08T16:35:24","date_gmt":"2023-11-08T15:35:24","guid":{"rendered":"https:\/\/menuiseries-garcin.fr\/?page_id=438"},"modified":"2023-11-08T16:35:24","modified_gmt":"2023-11-08T15:35:24","slug":"protection-de-la-vie-privee","status":"publish","type":"page","link":"https:\/\/menuiseries-garcin.fr\/index.php\/protection-de-la-vie-privee\/","title":{"rendered":"Protection de la vie priv\u00e9e"},"content":{"rendered":"<p>[et_pb_section fb_built=\u00a0\u00bb1&Prime; inner_shadow=\u00a0\u00bbon\u00a0\u00bb admin_label=\u00a0\u00bbHero Section\u00a0\u00bb _builder_version=\u00a0\u00bb4.22.2&Prime; background_color=\u00a0\u00bbrgba(35,35,35,0.87)\u00a0\u00bb background_enable_image=\u00a0\u00bboff\u00a0\u00bb background_blend=\u00a0\u00bbhue\u00a0\u00bb background_video_mp4=\u00a0\u00bbhttps:\/\/menuiseries-garcin.fr\/wp-content\/uploads\/2023\/11\/video-1080p.mp4&Prime; custom_padding=\u00a0\u00bb7.2%||25.8%|||\u00a0\u00bb mix_blend_mode=\u00a0\u00bbdarken\u00a0\u00bb locked=\u00a0\u00bboff\u00a0\u00bb global_colors_info=\u00a0\u00bb{}\u00a0\u00bb theme_builder_area=\u00a0\u00bbpost_content\u00a0\u00bb][et_pb_row use_custom_gutter=\u00a0\u00bbon\u00a0\u00bb make_equal=\u00a0\u00bbon\u00a0\u00bb admin_label=\u00a0\u00bbHero Area\u00a0\u00bb _builder_version=\u00a0\u00bb4.22.2&Prime; module_alignment=\u00a0\u00bbcenter\u00a0\u00bb global_colors_info=\u00a0\u00bb{}\u00a0\u00bb theme_builder_area=\u00a0\u00bbpost_content\u00a0\u00bb][et_pb_column type=\u00a0\u00bb4_4&Prime; _builder_version=\u00a0\u00bb4.16&Prime; custom_padding=\u00a0\u00bb|||\u00a0\u00bb global_colors_info=\u00a0\u00bb{}\u00a0\u00bb custom_padding__hover=\u00a0\u00bb|||\u00a0\u00bb theme_builder_area=\u00a0\u00bbpost_content\u00a0\u00bb][et_pb_text _builder_version=\u00a0\u00bb4.22.2&Prime; _module_preset=\u00a0\u00bbdefault\u00a0\u00bb text_font=\u00a0\u00bbRaleway|100|||||||\u00a0\u00bb text_text_color=\u00a0\u00bb#FFFFFF\u00a0\u00bb text_line_height=\u00a0\u00bb1.5em\u00a0\u00bb header_font=\u00a0\u00bbRaleway|600||on|||||\u00a0\u00bb header_font_size=\u00a0\u00bb60px\u00a0\u00bb background_layout=\u00a0\u00bbdark\u00a0\u00bb custom_margin=\u00a0\u00bb|||-1px|false|false\u00a0\u00bb custom_padding=\u00a0\u00bb6px|6px|6px|13px|false|false\u00a0\u00bb hover_enabled=\u00a0\u00bb0&Prime; text_font_size_last_edited=\u00a0\u00bboff|desktop\u00a0\u00bb header_text_shadow_style=\u00a0\u00bbpreset3&Prime; border_color_all=\u00a0\u00bb#FFFFFF\u00a0\u00bb border_width_bottom=\u00a0\u00bb11px\u00a0\u00bb border_width_left=\u00a0\u00bb11px\u00a0\u00bb global_colors_info=\u00a0\u00bb{}\u00a0\u00bb text_font_size__hover_enabled=\u00a0\u00bboff|desktop\u00a0\u00bb theme_builder_area=\u00a0\u00bbpost_content\u00a0\u00bb sticky_enabled=\u00a0\u00bb0&Prime;]<\/p>\n<h1>Protection de la vie priv\u00e9e<\/h1>\n<p>[\/et_pb_text][\/et_pb_column][\/et_pb_row][\/et_pb_section][et_pb_section fb_built=\u00a0\u00bb1&Prime; _builder_version=\u00a0\u00bb4.22.2&Prime; _module_preset=\u00a0\u00bbdefault\u00a0\u00bb global_colors_info=\u00a0\u00bb{}\u00a0\u00bb theme_builder_area=\u00a0\u00bbpost_content\u00a0\u00bb][et_pb_row _builder_version=\u00a0\u00bb4.22.2&Prime; _module_preset=\u00a0\u00bbdefault\u00a0\u00bb global_colors_info=\u00a0\u00bb{}\u00a0\u00bb theme_builder_area=\u00a0\u00bbpost_content\u00a0\u00bb][et_pb_column type=\u00a0\u00bb4_4&Prime; _builder_version=\u00a0\u00bb4.22.2&Prime; _module_preset=\u00a0\u00bbdefault\u00a0\u00bb global_colors_info=\u00a0\u00bb{}\u00a0\u00bb theme_builder_area=\u00a0\u00bbpost_content\u00a0\u00bb][et_pb_text _builder_version=\u00a0\u00bb4.22.2&Prime; _module_preset=\u00a0\u00bbdefault\u00a0\u00bb hover_enabled=\u00a0\u00bb0&Prime; global_colors_info=\u00a0\u00bb{}\u00a0\u00bb theme_builder_area=\u00a0\u00bbpost_content\u00a0\u00bb sticky_enabled=\u00a0\u00bb0&Prime;]<\/p>\n<div class=\"\" id=\"h1\">\n<div class=\"sb-bloc \">\n<div class=\"sb-bloc-inner\"><\/div>\n<\/div>\n<\/div>\n<div class=\"\" id=\"center_inner\">\n<div class=\"sections-container\">\n<section class=\" section tree-container\" id=\"corps-de-la-page_1287006\">\n<div class=\"sb-bloc-inner container_20971401_inner\" id=\"container_20971401_inner\">\n<div class=\"subcontainers\">\n<div id=\"container_20971402\" class=\" sb-bloc sb-bloc-level-3 bloc-element-legal-notice-text  \">\n<div id=\"container_20971402_inner\" class=\"sb-bloc-inner container_20971402_inner\">\n<div class=\"element element-legal-notice-text\" spellcheck=\"true\">\n<p>&nbsp;<\/p>\n<p>&nbsp;<\/p>\n<h2><strong>Liens hypertextes et cookies<\/strong><\/h2>\n<p><strong><\/strong><\/p>\n<p><strong><\/strong><\/p>\n<h3><strong>Liens hypertexte<\/strong><\/h3>\n<p><strong><\/strong><\/p>\n<p><strong><\/strong><\/p>\n<p>Le site <a href=\"http:\/\/www.menuiserie-pvc-garcin.fr\">www.menuiseries-pvc-garcin.fr<\/a> peut contenir un certain nombre de liens hypertextes vers d\u2019autres sites. SARL Menuiseries Garcin ne dispose d&rsquo;aucun moyen pour contr\u00f4ler les sites en connexion avec son site internet et ne r\u00e9pond pas de la disponibilit\u00e9 de tels sites et sources externes, ni ne la garantit. SARL Menuiseries Garcin ne peut \u00eatre tenue pour responsable de tout dommage, de quelque nature que ce soit, r\u00e9sultant du contenu de ces sites ou sources externes, et notamment des informations, produits ou services qu\u2019ils proposent.<\/p>\n<p>Si vous naviguez vers un de ces sites, veuillez noter qu\u2019ils poss\u00e8dent leur propre politique de confidentialit\u00e9 et que notre responsabilit\u00e9 s\u2019arr\u00eate au moment o\u00f9 vous quittez notre site.<\/p>\n<p>Les propri\u00e9taires de sites internet tiers ne peuvent mettre en place un hyperlien en direction de ce site sans l&rsquo;autorisation expresse et pr\u00e9alable de SARL Menuiseries Garcin qui se r\u00e9serve le droit d\u2019accepter ou de refuser un hyperlien sans avoir \u00e0 en justifier sa d\u00e9cision.<\/p>\n<p>&nbsp;<\/p>\n<p>&nbsp;<\/p>\n<h3><strong>Cookies<\/strong><\/h3>\n<p><strong><\/strong><\/p>\n<p><strong><\/strong><\/p>\n<p>L\u2019utilisateur est inform\u00e9 que lors de ses visites sur le site <a href=\"http:\/\/www.menuiserie-pvc-garcin.fr\">www.menuiseries-pvc-garcin.fr<\/a>, un ou des cookies sont susceptibles de s\u2019installer automatiquement sur son ordinateur par l&rsquo;interm\u00e9diaire de son logiciel de navigation. Un cookie est un bloc de donn\u00e9es qui ne permet pas d&rsquo;identifier l&rsquo;utilisateur, mais qui enregistre des informations relatives \u00e0 la navigation de celui-ci sur le site. Il contient plusieurs donn\u00e9es qui sont stock\u00e9es sur votre ordinateur dans un simple fichier texte auquel un serveur acc\u00e8de pour lire et enregistrer des informations.<\/p>\n<p>Le param\u00e9trage du logiciel de navigation permet d\u2019informer de la pr\u00e9sence de cookie et \u00e9ventuellement, de la refuser de la mani\u00e8re d\u00e9crite \u00e0 l\u2019adresse suivante :<span>\u00a0<\/span><a>www.cnil.fr<\/a>.<\/p>\n<p>&nbsp;<\/p>\n<p>&nbsp;<\/p>\n<h3><strong>Les cookies tiers<\/strong><\/h3>\n<p><strong><\/strong><\/p>\n<p><strong><\/strong><\/p>\n<p>Notre site peut contenir des liens vers ou depuis des sites partenaires et d\u2019autres sites tiers. Si vous naviguez vers un de ces sites, veuillez noter qu\u2019ils poss\u00e8dent leur propre politique de confidentialit\u00e9 et que notre responsabilit\u00e9 s\u2019arr\u00eate au moment o\u00f9 vous quittez notre site. V\u00e9rifiez les politiques de confidentialit\u00e9 avant de transmettre vos donn\u00e9es personnelles \u00e0 des sites tiers.<\/p>\n<p>&nbsp;<\/p>\n<p>&nbsp;<\/p>\n<h2><strong>Protection des biens et des personnes &#8211; gestion des donn\u00e9es personnelles<\/strong><\/h2>\n<p><strong><\/strong><\/p>\n<p><strong><\/strong><\/p>\n<p>Le Client est inform\u00e9 des r\u00e9glementations concernant la communication marketing, la loi du 21 Juin 2014 pour la confiance dans l\u2019Economie Num\u00e9rique, la Loi Informatique et Libert\u00e9 du 06 Ao\u00fbt 2004 ainsi que du R\u00e8glement G\u00e9n\u00e9ral sur la Protection des Donn\u00e9es (RGPD : n\u00b0 2016-679).<\/p>\n<p>&nbsp;<\/p>\n<p>&nbsp;<\/p>\n<h3><strong>Responsables de la collecte des donn\u00e9es personnelles<\/strong><\/h3>\n<p><strong><\/strong><\/p>\n<p><strong><\/strong><\/p>\n<p>Pour les Donn\u00e9es Personnelles collect\u00e9es dans le cadre de la cr\u00e9ation du compte personnel de l\u2019Utilisateur et de sa navigation sur le Site, le responsable du traitement des Donn\u00e9es Personnelles est : SARL Menuiseries Garcin. www.menuiserie-pvc-garcin.fr est repr\u00e9sent\u00e9 par SARL Menuiseries Garcin, son repr\u00e9sentant l\u00e9gal.<\/p>\n<p>En tant que responsable du traitement des donn\u00e9es qu\u2019il collecte, <a href=\"http:\/\/www.menuiserie-pvc-garcin.fr\">www.menuiseries-pvc-garcin.fr<\/a> s\u2019engage \u00e0 respecter le cadre des dispositions l\u00e9gales en vigueur. Il lui appartient notamment au Client d\u2019\u00e9tablir les finalit\u00e9s de ses traitements de donn\u00e9es, de fournir \u00e0 ses prospects et clients, \u00e0 partir de la collecte de leurs consentements, une information compl\u00e8te sur le traitement de leurs donn\u00e9es personnelles et de maintenir un registre des traitements conforme \u00e0 la r\u00e9alit\u00e9. Chaque fois que www.menuiserie-pvc-garcin.fr traite des Donn\u00e9es Personnelles, www.menuiserie-pvc-garcin.fr prend toutes les mesures raisonnables pour s\u2019assurer de l\u2019exactitude et de la pertinence des Donn\u00e9es Personnelles au regard des finalit\u00e9s pour lesquelles <a href=\"http:\/\/www.menuiserie-pvc-garcin.fr\">www.menuiseries-pvc-garcin.fr<\/a> les traite.<\/p>\n<p>&nbsp;<\/p>\n<p>&nbsp;<\/p>\n<h3><strong>Finalit\u00e9 des donn\u00e9es collect\u00e9es<\/strong><\/h3>\n<p><strong><\/strong><\/p>\n<p><strong><\/strong><\/p>\n<p><a href=\"http:\/\/www.menuiserie-pvc-garcin.fr\">www.menuiseries-pvc-garcin.fr<\/a> est susceptible de traiter tout ou partie des donn\u00e9es :<\/p>\n<ul>\n<li>pour permettre la navigation sur le Site et la connexion \u00e0 l&rsquo;espace priv\u00e9e par l\u2019utilisateur : donn\u00e9es de connexion et d\u2019utilisation du Site<\/li>\n<li>pour pr\u00e9venir et lutter contre la fraude informatique (spamming, hacking\u2026) : mat\u00e9riel informatique utilis\u00e9 pour la navigation, l\u2019adresse IP, pages visit\u00e9es<\/li>\n<li>pour am\u00e9liorer la navigation sur le Site : donn\u00e9es de connexion et d\u2019utilisation<\/li>\n<\/ul>\n<p><a href=\"http:\/\/www.menuiserie-pvc-garcin.fr\">www.menuiseries-pvc-garcin.fr<\/a> ne commercialise pas vos donn\u00e9es personnelles qui sont donc uniquement utilis\u00e9es par n\u00e9cessit\u00e9 ou \u00e0 des fins statistiques et d\u2019analyses.<\/p>\n<p>&nbsp;<\/p>\n<p>&nbsp;<\/p>\n<h2><strong>Limitation de responsabilit\u00e9<\/strong><\/h2>\n<p><strong><\/strong><\/p>\n<p><strong><\/strong><\/p>\n<p>Les informations contenues sur ce site sont aussi pr\u00e9cises que possible et le site est p\u00e9riodiquement remis \u00e0 jour, mais peut toutefois contenir des inexactitudes, des omissions ou des lacunes. Si vous constatez une lacune, erreur ou ce qui para\u00eet \u00eatre un dysfonctionnement, merci de bien vouloir le signaler par email en d\u00e9crivant le probl\u00e8me de la mani\u00e8re la plus pr\u00e9cise possible (page posant probl\u00e8me, action d\u00e9clenchante, type d\u2019ordinateur et de navigateur utilis\u00e9, \u2026). www.menuiserie-pvc-garcin.fr ne peut pas \u00eatre tenu responsable des lacunes, erreurs ou dysfonctionnement engendr\u00e9s.<\/p>\n<p>Tout contenu t\u00e9l\u00e9charg\u00e9 se fait aux risques et p\u00e9rils de l&rsquo;utilisateur et sous sa seule responsabilit\u00e9. Par cons\u00e9quent, SARL Menuiseries Garcin ne saurait \u00eatre tenu responsable d&rsquo;un quelconque dommage subi par l&rsquo;ordinateur de l&rsquo;utilisateur ou d&rsquo;une quelconque perte de donn\u00e9es cons\u00e9cutives au t\u00e9l\u00e9chargement.<\/p>\n<p>Les liens hypertextes mis en place dans le cadre du pr\u00e9sent site internet en direction d&rsquo;autres ressources pr\u00e9sentes sur le r\u00e9seau Internet ne sauraient engager la responsabilit\u00e9 de SARL Menuiseries Garcin.<\/p>\n<p>&nbsp;<\/p>\n<p>&nbsp;<\/p>\n<h3><strong>A propos des mentions l\u00e9gales :<\/strong><\/h3>\n<p><strong><\/strong><\/p>\n<p><strong><\/strong><\/p>\n<p>Les mentions l\u00e9gales d\u00e9finies sur cette page s&rsquo;appliquent \u00e0 l&rsquo;ensemble du pr\u00e9sent site internet et sont susceptibles d&rsquo;\u00e9voluer sans pr\u00e9avis. L&rsquo;Utilisateur du site est donc invit\u00e9 \u00e0 les consulter r\u00e9guli\u00e8rement afin d&rsquo;en prendre connaissance.<\/p>\n<\/div>\n<\/div>\n<\/div>\n<div id=\"container_20971411\" class=\" sb-bloc sb-bloc-level-3 bloc-element-legal-notice-text  \">\n<div id=\"container_20971411_inner\" class=\"sb-bloc-inner container_20971411_inner\">\n<div class=\"element element-legal-notice-text\" spellcheck=\"true\">\n<p>Conform\u00e9ment aux dispositions des articles 6-III et 19 de la Loi n\u00b0 2004-575 du 21 juin 2004 pour la Confiance dans l&rsquo;\u00e9conomie num\u00e9rique, dite L.C.E.N., nous portons \u00e0 la connaissance des utilisateurs et visiteurs du site www.menuiserie-pvc-garcin.fr les informations suivantes :<\/p>\n<\/div>\n<\/div>\n<\/div>\n<\/div>\n<\/div>\n<\/section>\n<\/div>\n<\/div>\n<p>[\/et_pb_text][\/et_pb_column][\/et_pb_row][\/et_pb_section]<\/p>\n","protected":false},"excerpt":{"rendered":"<p>Protection de la vie priv\u00e9e &nbsp; &nbsp; Liens hypertextes et cookies Liens hypertexte Le site www.menuiseries-pvc-garcin.fr peut contenir un certain nombre de liens hypertextes vers d\u2019autres sites. SARL Menuiseries Garcin ne dispose d&rsquo;aucun moyen pour contr\u00f4ler les sites en connexion avec son site internet et ne r\u00e9pond pas de la disponibilit\u00e9 de tels sites et [&hellip;]<\/p>\n","protected":false},"author":1,"featured_media":0,"parent":0,"menu_order":0,"comment_status":"closed","ping_status":"closed","template":"","meta":{"_et_pb_use_builder":"on","_et_pb_old_content":"","_et_gb_content_width":"","_monsterinsights_skip_tracking":false,"_monsterinsights_sitenote_active":false,"_monsterinsights_sitenote_note":"","_monsterinsights_sitenote_category":0,"footnotes":""},"class_list":["post-438","page","type-page","status-publish","hentry"],"aioseo_notices":[],"_links":{"self":[{"href":"https:\/\/menuiseries-garcin.fr\/index.php\/wp-json\/wp\/v2\/pages\/438","targetHints":{"allow":["GET"]}}],"collection":[{"href":"https:\/\/menuiseries-garcin.fr\/index.php\/wp-json\/wp\/v2\/pages"}],"about":[{"href":"https:\/\/menuiseries-garcin.fr\/index.php\/wp-json\/wp\/v2\/types\/page"}],"author":[{"embeddable":true,"href":"https:\/\/menuiseries-garcin.fr\/index.php\/wp-json\/wp\/v2\/users\/1"}],"replies":[{"embeddable":true,"href":"https:\/\/menuiseries-garcin.fr\/index.php\/wp-json\/wp\/v2\/comments?post=438"}],"version-history":[{"count":2,"href":"https:\/\/menuiseries-garcin.fr\/index.php\/wp-json\/wp\/v2\/pages\/438\/revisions"}],"predecessor-version":[{"id":440,"href":"https:\/\/menuiseries-garcin.fr\/index.php\/wp-json\/wp\/v2\/pages\/438\/revisions\/440"}],"wp:attachment":[{"href":"https:\/\/menuiseries-garcin.fr\/index.php\/wp-json\/wp\/v2\/media?parent=438"}],"curies":[{"name":"wp","href":"https:\/\/api.w.org\/{rel}","templated":true}]}}